{"id":1847,"date":"2025-07-23T16:29:41","date_gmt":"2025-07-23T14:29:41","guid":{"rendered":"https:\/\/podzlotymzurawiem.pl\/?page_id=1847"},"modified":"2025-07-31T14:36:14","modified_gmt":"2025-07-31T12:36:14","slug":"1847-2","status":"publish","type":"page","link":"https:\/\/podzlotymzurawiem.pl\/index.php\/1847-2\/","title":{"rendered":"projekt"},"content":{"rendered":"\t\t<div data-elementor-type=\"wp-page\" data-elementor-id=\"1847\" class=\"elementor elementor-1847\">\n\t\t\t\t<div class=\"elementor-element elementor-element-3961226 e-flex e-con-boxed e-con e-parent\" data-id=\"3961226\" data-element_type=\"container\">\n\t\t\t\t\t<div class=\"e-con-inner\">\n\t\t\t\t<div class=\"elementor-element elementor-element-71985112 elementor-widget elementor-widget-text-editor\" data-id=\"71985112\" data-element_type=\"widget\" data-widget_type=\"text-editor.default\">\n\t\t\t\t<div class=\"elementor-widget-container\">\n\t\t\t\t\t\t\t\t\t\n<figure class=\"wp-block-image size-large\"><img fetchpriority=\"high\" decoding=\"async\" class=\"aligncenter wp-image-1848 size-full\" src=\"https:\/\/podzlotymzurawiem.pl\/wp-content\/uploads\/2025\/07\/project.png\" alt=\"\" width=\"1408\" height=\"179\" srcset=\"https:\/\/podzlotymzurawiem.pl\/wp-content\/uploads\/2025\/07\/project.png 1408w, https:\/\/podzlotymzurawiem.pl\/wp-content\/uploads\/2025\/07\/project-300x38.png 300w, https:\/\/podzlotymzurawiem.pl\/wp-content\/uploads\/2025\/07\/project-1024x130.png 1024w, https:\/\/podzlotymzurawiem.pl\/wp-content\/uploads\/2025\/07\/project-768x98.png 768w\" sizes=\"(max-width: 1408px) 100vw, 1408px\" \/><\/figure>\n\n<h3 class=\"wp-block-heading has-vivid-red-color has-text-color has-link-color wp-elements-01c013fffb1464a53883675a44574094\" style=\"text-align: center;\">POD DREWNIANYM BOCIANEM TOMALA KA\u0179MIERCZYK SP\u00d3\u0141KA CYWILNA<br \/>realizuje projekt dofinansowany z Krajowego Planu Odbudowy i Zwi\u0119kszania Odporno\u015bci (KPO)<br \/>pt. \u201eRozszerzenie dzia\u0142alno\u015bci sp\u00f3\u0142ki POD DREWNIANYM BOCIANEM TOMALA KA\u0179MIERCZYK SP\u00d3\u0141KA CYWILNA celem zwi\u0119kszenia jej odporno\u015bci na sytuacje kryzysowe &#8211; woj. \u015bl\u0105skie\u201d<\/h3>\n<p>\u00a0<\/p>\n\n<h4 class=\"wp-block-heading\"><strong>Celem projektu jest zwi\u0119kszenie odporno\u015bci przedsi\u0119biorstwa poprzez rozszerzenie dotychczasowej dzia\u0142alno\u015bci.<\/strong><\/h4>\n\n<p>\u00a0<\/p>\n<p>GRUPY DOCELOWE: Obecni oraz nowi klienci.<\/p>\n\n<p>Efektem projektu b\u0119dzie rozszerzenie oferty:<br \/>-o \u015bwiadczenie us\u0142ug cateringu plenerowego w ramach organizowanych event\u00f3w<br \/>-poszerzenie dotychczasowego menu o dania grillowe, kt\u00f3re serwowane b\u0119d\u0105 przede wszystkim na ogrodzie oraz podczas event\u00f3w plenerowych<br \/>-w\u0142\u0105czenie do menu oferty degustacyjnej i poszerzenie asortymentu cukierniczego<br \/>-poszerzenie oferty organizowania imprez okoliczno\u015bciowych w pozosta\u0142ych salach oraz na ogrodzie, dzi\u0119ki zakupowi sprz\u0119t\u00f3w gastronomicznych<br \/>-wyd\u0142u\u017cenie okresu oferty przyjmowania go\u015bci na ogrodzie o miesi\u0105ce wczesno wiosenne i jesienne, dzi\u0119ki implementacji nagrzewnic<br \/>-zakup nowych urz\u0105dze\u0144 i sprz\u0119t\u00f3w gastronomicznych<br \/>-podniesienie poziomu cyfryzacji firmy.<\/p>\n\n<p><strong>Termin realizacji:<\/strong>\u00a001.07.2024 &#8211; 31.12.2025<br \/><strong>Warto\u015b\u0107 projektu:<\/strong>\u00a0693 645,90 PLN<br \/><strong>Dofinansowanie projektu:<\/strong>\u00a0507 545,78 PLN<\/p>\n\t\t\t\t\t\t\t\t<\/div>\n\t\t\t\t<\/div>\n\t\t\t\t\t<\/div>\n\t\t\t\t<\/div>\n\t\t\t\t<\/div>\n\t\t","protected":false},"excerpt":{"rendered":"<p>POD DREWNIANYM BOCIANEM TOMALA KA\u0179MIERCZYK SP\u00d3\u0141KA CYWILNArealizuje projekt dofinansowany z Krajowego Planu Odbudowy i Zwi\u0119kszania Odporno\u015bci (KPO)pt. \u201eRozszerzenie dzia\u0142alno\u015bci sp\u00f3\u0142ki POD DREWNIANYM BOCIANEM TOMALA KA\u0179MIERCZYK SP\u00d3\u0141KA CYWILNA celem zwi\u0119kszenia jej odporno\u015bci na sytuacje kryzysowe &#8211; woj. \u015bl\u0105skie\u201d \u00a0 Celem projektu jest zwi\u0119kszenie odporno\u015bci przedsi\u0119biorstwa poprzez rozszerzenie dotychczasowej dzia\u0142alno\u015bci. \u00a0 GRUPY DOCELOWE: Obecni oraz nowi klienci. [&hellip;]<\/p>\n","protected":false},"author":1,"featured_media":0,"parent":0,"menu_order":0,"comment_status":"closed","ping_status":"closed","template":"","meta":{"footnotes":""},"class_list":["post-1847","page","type-page","status-publish","hentry"],"_links":{"self":[{"href":"https:\/\/podzlotymzurawiem.pl\/index.php\/wp-json\/wp\/v2\/pages\/1847","targetHints":{"allow":["GET"]}}],"collection":[{"href":"https:\/\/podzlotymzurawiem.pl\/index.php\/wp-json\/wp\/v2\/pages"}],"about":[{"href":"https:\/\/podzlotymzurawiem.pl\/index.php\/wp-json\/wp\/v2\/types\/page"}],"author":[{"embeddable":true,"href":"https:\/\/podzlotymzurawiem.pl\/index.php\/wp-json\/wp\/v2\/users\/1"}],"replies":[{"embeddable":true,"href":"https:\/\/podzlotymzurawiem.pl\/index.php\/wp-json\/wp\/v2\/comments?post=1847"}],"version-history":[{"count":7,"href":"https:\/\/podzlotymzurawiem.pl\/index.php\/wp-json\/wp\/v2\/pages\/1847\/revisions"}],"predecessor-version":[{"id":1873,"href":"https:\/\/podzlotymzurawiem.pl\/index.php\/wp-json\/wp\/v2\/pages\/1847\/revisions\/1873"}],"wp:attachment":[{"href":"https:\/\/podzlotymzurawiem.pl\/index.php\/wp-json\/wp\/v2\/media?parent=1847"}],"curies":[{"name":"wp","href":"https:\/\/api.w.org\/{rel}","templated":true}]}}